 	{"id":405,"date":"2017-01-26T10:40:04","date_gmt":"2017-01-26T10:40:04","guid":{"rendered":"http:\/\/motors.stylemixthemes.com\/?page_id=405"},"modified":"2018-06-21T14:12:09","modified_gmt":"2018-06-21T14:12:09","slug":"a-propos-de-nous-2","status":"publish","type":"page","link":"https:\/\/www.howcampers.com\/pt\/sobre-nos\/","title":{"rendered":"Sobre n\u00f3s"},"content":{"rendered":"<section class=\"wpb-content-wrapper\"><p>[vc_row][vc_column][vc_empty_space height=&#8221;62px&#8221;][\/vc_column][\/vc_row][vc_row][vc_column][vc_single_image image=&#8221;3028&#8243; img_size=&#8221;full&#8221; alignment=&#8221;center&#8221;][\/vc_column][\/vc_row][vc_row][vc_column][vc_empty_space height=&#8221;62px&#8221;][\/vc_column][\/vc_row][vc_row][vc_column][vc_column_text el_class=&#8221;text-align: justify&#8221;]<\/p>\n<style>\ndiv {<br \/>\ntext-align: justify;<br \/>\ntext-justify: inter-word;<br \/>\n}<br \/>\n<\/style>\n<p>&nbsp;<\/p>\n<p>Hugo, Luis e Rodrigo, s\u00e3o estes os nossos nomes.<\/p>\n<div>Fotografia, viagens e desporto s\u00e3o o comb\u00fastivel que alimenta a nossa vida. Trabalhar juntos e criar a <strong>Hostel on Wheels<\/strong>, porque n\u00e3o? Une-nos uma forte amizade de mais de 20 anos, adoramos autocaravanas, &#8220;road trips&#8221;, por-do-sol com amigos e familia, paisagens campismo e surfar com familia e amigos. J\u00e1 dissemos que gostamos de passar tempo com a familia e amigos? E churrasco, adoramos churrascos&#8230; e sardinhas assadas, as festas de Lisboa e vinho tinto.<\/div>\n<p>[\/vc_column_text][\/vc_column][\/vc_row][vc_row css=&#8221;.vc_custom_1485428309292{margin-top: 60px !important;margin-bottom: 51px !important;}&#8221;][vc_column width=&#8221;1\/3&#8243; el_class=&#8221;stm-col-pad-right&#8221;][vc_single_image image=&#8221;3040&#8243; img_size=&#8221;full&#8221; alignment=&#8221;center&#8221; stm_fancybox=&#8221;yes&#8221; css=&#8221;.vc_custom_1519313462125{margin-bottom: 35px !important;}&#8221;][vc_column_text el_class=&#8221;text-align: justify&#8221;]<\/p>\n<style>\ndiv {<br \/>\ntext-align: justify;<br \/>\ntext-justify: inter-word;<br \/>\n}<br \/>\n<\/style>\n<h4 style=\"text-align: center;\">Hugo<\/h4>\n<div>O artista, adora \u00c1frica e o desconhecido. De prefer\u00eancia que consiga capturar esses momentos com a sua m\u00e1quina.<\/div>\n<p>[\/vc_column_text][\/vc_column][vc_column width=&#8221;1\/3&#8243; el_class=&#8221;stm-col-pad-left&#8221;][vc_single_image image=&#8221;3041&#8243; img_size=&#8221;full&#8221; alignment=&#8221;center&#8221;][vc_column_text]<\/p>\n<style>\ndiv {<br \/>\ntext-align: justify;<br \/>\ntext-justify: inter-word;<br \/>\n}<br \/>\n<\/style>\n<h4 style=\"text-align: center;\">Lu\u00eds<\/h4>\n<div>O viajante, d\u00eaem-lhe uma mochila e um bilhete de avi\u00e3o e encontram o homem mais feliz deste planeta. O Lu\u00eds e o Hugo j\u00e1 viajaram por mais de 50 pa\u00edses juntos.<\/div>\n<p>[\/vc_column_text][\/vc_column][vc_column width=&#8221;1\/3&#8243;][vc_single_image image=&#8221;3039&#8243; img_size=&#8221;full&#8221; alignment=&#8221;center&#8221;][vc_column_text]<\/p>\n<style>\ndiv {<br \/>\ntext-align: justify;<br \/>\ntext-justify: inter-word;<br \/>\n}<br \/>\n<\/style>\n<h4 style=\"text-align: center;\">Rodrigo<\/h4>\n<div>O careca, o homem de familia, mulher e filhos, o pacote completo. Fala muito, com toda a gente, n\u00e3o se cala. Adora ski e surf, e qualquer atividade que o fa\u00e7a mexer.<\/div>\n<p>[\/vc_column_text][\/vc_column][\/vc_row][vc_row][vc_column][vc_column_text el_class=&#8221;text-align: justify&#8221;]O nosso objectivo profissional? Simples, fazer da <strong>Hostel on Wheels<\/strong> a melhor e mais completa empresa de autocaravanas em Portugal. Como? O melhor servi\u00e7o, passa sempre pela qualidade de servi\u00e7o, a aten\u00e7\u00e3o ao cliente, uma frota moderna e de qualidade, planear a tua viagem com todo o detalhe, e sem esquecer que queremos ajudar a que n\u00e3o deixes de conhecer todos os peda\u00e7os do nosso fabuloso pa\u00eds.<\/p>\n<h3><strong><span style=\"color: #008000;\">Abre a janela para um amanhecer diferente todos os dias&#8230;.<\/span><\/strong><\/h3>\n<h3><strong><span style=\"color: #008000;\">Abre a janela para Portugal.<\/span><\/strong><\/h3>\n<p>[\/vc_column_text][\/vc_column][\/vc_row][vc_row][vc_column][vc_empty_space height=&#8221;62px&#8221;][\/vc_column][\/vc_row]<\/p>\n<\/section>","protected":false},"excerpt":{"rendered":"<p>[vc_row][vc_column][vc_empty_space height=&#8221;62px&#8221;][\/vc_column][\/vc_row][vc_row][vc_column][vc_single_image image=&#8221;3028&#8243; img_size=&#8221;full&#8221; alignment=&#8221;center&#8221;][\/vc_column][\/vc_row][vc_row][vc_column][vc_empty_space height=&#8221;62px&#8221;][\/vc_column][\/vc_row][vc_row][vc_column][vc_column_text el_class=&#8221;text-align: justify&#8221;] &nbsp; Hugo, Luis e Rodrigo, s\u00e3o estes os nossos nomes. Fotografia, viagens e desporto s\u00e3o o comb\u00fastivel que alimenta a nossa vida. Trabalhar juntos e criar a Hostel on Wheels, porque n\u00e3o? Une-nos uma forte amizade de mais de 20 anos, adoramos autocaravanas, &#8220;road trips&#8221;, por-do-sol com&#8230;<\/p>\n","protected":false},"author":1,"featured_media":0,"parent":0,"menu_order":0,"comment_status":"closed","ping_status":"closed","template":"","meta":{"footnotes":""},"class_list":["post-405","page","type-page","status-publish","hentry"],"yoast_head":"<!-- This site is optimized with the Yoast SEO plugin v27.1.1 - https:\/\/yoast.com\/product\/yoast-seo-wordpress\/ -->\n<title>HoW Campers: Aluguer de Autocaravanas Portugal \/ Sobre N\u00f3s<\/title>\n<meta name=\"description\" content=\"Fotografia, viagens e desporto s\u00e3o o comb\u00fastivel que alimenta a nossa vida. Trabalhar juntos e criar a HOW Campers, porque n\u00e3o?\" \/>\n<meta name=\"robots\" content=\"index, follow, max-snippet:-1, max-image-preview:large, max-video-preview:-1\" \/>\n<link rel=\"canonical\" href=\"https:\/\/www.howcampers.com\/about-us\/\" \/>\n<meta property=\"og:locale\" content=\"pt_PT\" \/>\n<meta property=\"og:type\" content=\"article\" \/>\n<meta property=\"og:title\" content=\"HoW Campers: Aluguer de Autocaravanas Portugal \/ Sobre N\u00f3s\" \/>\n<meta property=\"og:description\" content=\"Fotografia, viagens e desporto s\u00e3o o comb\u00fastivel que alimenta a nossa vida. Trabalhar juntos e criar a HOW Campers, porque n\u00e3o?\" \/>\n<meta property=\"og:url\" content=\"https:\/\/www.howcampers.com\/about-us\/\" \/>\n<meta property=\"og:site_name\" content=\"Hostel on Wheels\" \/>\n<meta property=\"article:publisher\" content=\"https:\/\/www.facebook.com\/hostelonwheels\/\" \/>\n<meta property=\"article:modified_time\" content=\"2018-06-21T14:12:09+00:00\" \/>\n<meta property=\"og:image\" content=\"https:\/\/www.howcampers.com\/wp-content\/uploads\/2017\/06\/19379174_1551497664873861_7657397759250530304_n.jpg\" \/>\n\t<meta property=\"og:image:width\" content=\"640\" \/>\n\t<meta property=\"og:image:height\" content=\"640\" \/>\n\t<meta property=\"og:image:type\" content=\"image\/jpeg\" \/>\n<meta name=\"twitter:card\" content=\"summary_large_image\" \/>\n<meta name=\"twitter:site\" content=\"@hostelonwheels\" \/>\n<meta name=\"twitter:label1\" content=\"Tempo estimado de leitura\" \/>\n\t<meta name=\"twitter:data1\" content=\"6 minutos\" \/>\n<script type=\"application\/ld+json\" class=\"yoast-schema-graph\">{\"@context\":\"https:\/\/schema.org\",\"@graph\":[{\"@type\":\"WebPage\",\"@id\":\"https:\/\/www.howcampers.com\/about-us\/\",\"url\":\"https:\/\/www.howcampers.com\/about-us\/\",\"name\":\"[:en]HoW Campers: Rent a Campervan in Portugal and Spain \/ About Us[:pt]HoW Campers: Aluguer de Autocaravanas Portugal \/ Sobre N\u00f3s[:fr]HoW Campers: Louer camping-car au Portugal et Espagne \/ \u00c1 Propos de Nous[:]\",\"isPartOf\":{\"@id\":\"https:\/\/www.howcampers.com\/#website\"},\"datePublished\":\"2017-01-26T10:40:04+00:00\",\"dateModified\":\"2018-06-21T14:12:09+00:00\",\"description\":\"{:en}Photography, Traveling and Sports are the fuel that drives us forward. Working together and creating HOW Campers, easy. Why not?{:pt}Fotografia, viagens e desporto s\u00e3o o comb\u00fastivel que alimenta a nossa vida. Trabalhar juntos e criar a HOW Campers, porque n\u00e3o?{:fr}La photographie, les voyages et les sports sont le carburant qui nous fait avancer. Travailler ensemble et cr\u00e9er HOW Campers, c'est facile. Pourquoi pas?{:}\",\"breadcrumb\":{\"@id\":\"https:\/\/www.howcampers.com\/about-us\/#breadcrumb\"},\"inLanguage\":\"pt-PT\",\"potentialAction\":[{\"@type\":\"ReadAction\",\"target\":[\"https:\/\/www.howcampers.com\/about-us\/\"]}]},{\"@type\":\"BreadcrumbList\",\"@id\":\"https:\/\/www.howcampers.com\/about-us\/#breadcrumb\",\"itemListElement\":[{\"@type\":\"ListItem\",\"position\":1,\"name\":\"Home\",\"item\":\"https:\/\/www.howcampers.com\/\"},{\"@type\":\"ListItem\",\"position\":2,\"name\":\"About Us\"}]},{\"@type\":\"WebSite\",\"@id\":\"https:\/\/www.howcampers.com\/#website\",\"url\":\"https:\/\/www.howcampers.com\/\",\"name\":\"Hostel on Wheels\",\"description\":\"Campervan Portugal and Spain\",\"potentialAction\":[{\"@type\":\"SearchAction\",\"target\":{\"@type\":\"EntryPoint\",\"urlTemplate\":\"https:\/\/www.howcampers.com\/?s={search_term_string}\"},\"query-input\":{\"@type\":\"PropertyValueSpecification\",\"valueRequired\":true,\"valueName\":\"search_term_string\"}}],\"inLanguage\":\"pt-PT\"}]}<\/script>\n<!-- \/ Yoast SEO plugin. -->","yoast_head_json":{"title":"HoW Campers: Aluguer de Autocaravanas Portugal \/ Sobre N\u00f3s","description":"Fotografia, viagens e desporto s\u00e3o o comb\u00fastivel que alimenta a nossa vida. Trabalhar juntos e criar a HOW Campers, porque n\u00e3o?","robots":{"index":"index","follow":"follow","max-snippet":"max-snippet:-1","max-image-preview":"max-image-preview:large","max-video-preview":"max-video-preview:-1"},"canonical":"https:\/\/www.howcampers.com\/about-us\/","og_locale":"pt_PT","og_type":"article","og_title":"HoW Campers: Aluguer de Autocaravanas Portugal \/ Sobre N\u00f3s","og_description":"Fotografia, viagens e desporto s\u00e3o o comb\u00fastivel que alimenta a nossa vida. Trabalhar juntos e criar a HOW Campers, porque n\u00e3o?","og_url":"https:\/\/www.howcampers.com\/about-us\/","og_site_name":"Hostel on Wheels","article_publisher":"https:\/\/www.facebook.com\/hostelonwheels\/","article_modified_time":"2018-06-21T14:12:09+00:00","og_image":[{"width":640,"height":640,"url":"https:\/\/www.howcampers.com\/wp-content\/uploads\/2017\/06\/19379174_1551497664873861_7657397759250530304_n.jpg","type":"image\/jpeg"}],"twitter_card":"summary_large_image","twitter_site":"@hostelonwheels","twitter_misc":{"Tempo estimado de leitura":"6 minutos"},"schema":{"@context":"https:\/\/schema.org","@graph":[{"@type":"WebPage","@id":"https:\/\/www.howcampers.com\/about-us\/","url":"https:\/\/www.howcampers.com\/about-us\/","name":"[:en]HoW Campers: Rent a Campervan in Portugal and Spain \/ About Us[:pt]HoW Campers: Aluguer de Autocaravanas Portugal \/ Sobre N\u00f3s[:fr]HoW Campers: Louer camping-car au Portugal et Espagne \/ \u00c1 Propos de Nous[:]","isPartOf":{"@id":"https:\/\/www.howcampers.com\/#website"},"datePublished":"2017-01-26T10:40:04+00:00","dateModified":"2018-06-21T14:12:09+00:00","description":"{:en}Photography, Traveling and Sports are the fuel that drives us forward. Working together and creating HOW Campers, easy. Why not?{:pt}Fotografia, viagens e desporto s\u00e3o o comb\u00fastivel que alimenta a nossa vida. Trabalhar juntos e criar a HOW Campers, porque n\u00e3o?{:fr}La photographie, les voyages et les sports sont le carburant qui nous fait avancer. Travailler ensemble et cr\u00e9er HOW Campers, c'est facile. Pourquoi pas?{:}","breadcrumb":{"@id":"https:\/\/www.howcampers.com\/about-us\/#breadcrumb"},"inLanguage":"pt-PT","potentialAction":[{"@type":"ReadAction","target":["https:\/\/www.howcampers.com\/about-us\/"]}]},{"@type":"BreadcrumbList","@id":"https:\/\/www.howcampers.com\/about-us\/#breadcrumb","itemListElement":[{"@type":"ListItem","position":1,"name":"Home","item":"https:\/\/www.howcampers.com\/"},{"@type":"ListItem","position":2,"name":"About Us"}]},{"@type":"WebSite","@id":"https:\/\/www.howcampers.com\/#website","url":"https:\/\/www.howcampers.com\/","name":"Hostel on Wheels","description":"Campervan Portugal and Spain","potentialAction":[{"@type":"SearchAction","target":{"@type":"EntryPoint","urlTemplate":"https:\/\/www.howcampers.com\/?s={search_term_string}"},"query-input":{"@type":"PropertyValueSpecification","valueRequired":true,"valueName":"search_term_string"}}],"inLanguage":"pt-PT"}]}},"_links":{"self":[{"href":"https:\/\/www.howcampers.com\/pt\/wp-json\/wp\/v2\/pages\/405","targetHints":{"allow":["GET"]}}],"collection":[{"href":"https:\/\/www.howcampers.com\/pt\/wp-json\/wp\/v2\/pages"}],"about":[{"href":"https:\/\/www.howcampers.com\/pt\/wp-json\/wp\/v2\/types\/page"}],"author":[{"embeddable":true,"href":"https:\/\/www.howcampers.com\/pt\/wp-json\/wp\/v2\/users\/1"}],"replies":[{"embeddable":true,"href":"https:\/\/www.howcampers.com\/pt\/wp-json\/wp\/v2\/comments?post=405"}],"version-history":[{"count":0,"href":"https:\/\/www.howcampers.com\/pt\/wp-json\/wp\/v2\/pages\/405\/revisions"}],"wp:attachment":[{"href":"https:\/\/www.howcampers.com\/pt\/wp-json\/wp\/v2\/media?parent=405"}],"curies":[{"name":"wp","href":"https:\/\/api.w.org\/{rel}","templated":true}]}}