 	{"id":405,"date":"2017-01-26T10:40:04","date_gmt":"2017-01-26T10:40:04","guid":{"rendered":"http:\/\/motors.stylemixthemes.com\/?page_id=405"},"modified":"2018-06-21T14:12:09","modified_gmt":"2018-06-21T14:12:09","slug":"a-propos-de-nous-2","status":"publish","type":"page","link":"https:\/\/www.howcampers.com\/fr\/a-propos-de-nous\/","title":{"rendered":"L&rsquo;\u00e9quipe"},"content":{"rendered":"<section class=\"wpb-content-wrapper\"><p>[vc_row][vc_column][vc_empty_space height=\u00a0\u00bb62px\u00a0\u00bb][\/vc_column][\/vc_row][vc_row][vc_column][vc_single_image image=\u00a0\u00bb3028&Prime; img_size=\u00a0\u00bbfull\u00a0\u00bb alignment=\u00a0\u00bbcenter\u00a0\u00bb][\/vc_column][\/vc_row][vc_row][vc_column][vc_empty_space height=\u00a0\u00bb62px\u00a0\u00bb][\/vc_column][\/vc_row][vc_row][vc_column][vc_column_text el_class=\u00a0\u00bbtext-align: justify\u00a0\u00bb]<\/p>\n<style>\ndiv {<br \/>text-align: justify;<br \/>text-justify: inter-word;<br \/>}<br \/><\/style>\n<p>&nbsp;<\/p>\n<p>Nous sommes\u00a0Hugo,\u00a0Luis\u00a0et\u00a0Rodrigo.<\/p>\n<div>\nLa photographie, les voyages et les sports sont nos passions. Amis depuis plus de 20 ans, nous avons cr\u00e9\u00e9 <strong>Hostel on Wheels<\/strong>. Nous aimons les camping-cars, les voyages et le surf en famille et entre amis. Avons-nous mentionn\u00e9 la famille et les amis? Nous aimons un bon barbecue &#8230; oh et les sardines grill\u00e9es, les f\u00eates de Lisbonne et le bon vin portugais.<\/div>\n<p>[\/vc_column_text][\/vc_column][\/vc_row][vc_row css=\u00a0\u00bb.vc_custom_1485428309292{margin-top: 60px !important;margin-bottom: 51px !important;}\u00a0\u00bb][vc_column width=\u00a0\u00bb1\/3&Prime; el_class=\u00a0\u00bbstm-col-pad-right\u00a0\u00bb][vc_single_image image=\u00a0\u00bb3040&Prime; img_size=\u00a0\u00bbfull\u00a0\u00bb alignment=\u00a0\u00bbcenter\u00a0\u00bb stm_fancybox=\u00a0\u00bbyes\u00a0\u00bb css=\u00a0\u00bb.vc_custom_1519313462125{margin-bottom: 35px !important;}\u00a0\u00bb][vc_column_text el_class=\u00a0\u00bbtext-align: justify\u00a0\u00bb]<\/p>\n<style>\ndiv {<\/p>\n<p>text-align: justify;<\/p>\n<p>text-justify: inter-word;<\/p>\n<p>}<\/p>\n<\/style>\n<h4 style=\"text-align: center;\">Hugo<\/h4>\n<p>L&rsquo;artiste, il aime l&rsquo;Afrique, la nature sauvage et immortaliser des moments parfaits.[\/vc_column_text][\/vc_column][vc_column width=\u00a0\u00bb1\/3&Prime; el_class=\u00a0\u00bbstm-col-pad-left\u00a0\u00bb][vc_single_image image=\u00a0\u00bb3041&Prime; img_size=\u00a0\u00bbfull\u00a0\u00bb alignment=\u00a0\u00bbcenter\u00a0\u00bb][vc_column_text]<\/p>\n<style>\ndiv {<\/p>\n<p>text-align: justify;<\/p>\n<p>text-justify: inter-word;<\/p>\n<p>}<\/p>\n<\/style>\n<h4 style=\"text-align: center;\">Lu\u00eds<\/h4>\n<p>Le voyageur. Donnez-lui un sac \u00e0 dos et un billet d&rsquo;avion et il est l&rsquo;homme le plus heureux de la plan\u00e8te. Hugo et lui ont visit\u00e9 plus de 50 pays ensemble.[\/vc_column_text][\/vc_column][vc_column width=\u00a0\u00bb1\/3&Prime;][vc_single_image image=\u00a0\u00bb3039&Prime; img_size=\u00a0\u00bbfull\u00a0\u00bb alignment=\u00a0\u00bbcenter\u00a0\u00bb][vc_column_text]<\/p>\n<style>\ndiv {<\/p>\n<p>text-align: justify;<\/p>\n<p>text-justify: inter-word;<\/p>\n<p>}<\/p>\n<\/style>\n<h4 style=\"text-align: center;\">Rodrigo<\/h4>\n<p>Le bon gars de famille. Il a des histoires insolites \u00e0 vous raconter. Fan du ski et du surf, il nous toujours encourage aux sports![\/vc_column_text][\/vc_column][\/vc_row][vc_row][vc_column][vc_column_text el_class=\u00a0\u00bbtext-align: justify\u00a0\u00bb]<\/p>\n<style>\np {<br \/>    text-align: justify;<br \/>    text-justify: inter-word;<br \/>}<br \/><\/style>\n<p>&nbsp;<\/p>\n<p>Notre objectif? C\u2019est simple &#8230; faire de <strong>Hostel on Wheels<\/strong> l\u2019entreprise la plus fiable de location de camping-cars du Portugal.\u00a0HoW? En fournissant le meilleur service et en satisfaisant les besoins et attentes de nos clients. Nous fonctionnons avec une flotte de v\u00e9hicules modernes. Nous planifions vos vacances sur mesure pour que rien ne vous \u00e9chappe dans cette aventure!<\/p>\n<h3><strong><span style=\"color: #008000;\">Une vue diff\u00e9rente depuis votre fen\u00eatre chaque matin.<\/strong><\/h3>\n<h3><strong><span style=\"color: #008000;\">Le Portugal vous accueille \u00e0 bras ouverts!<\/strong><\/h3>\n<p>[\/vc_column_text][\/vc_column][\/vc_row][vc_row][vc_column][vc_empty_space height=\u00a0\u00bb62px\u00a0\u00bb][\/vc_column][\/vc_row]<\/p>\n<\/section>","protected":false},"excerpt":{"rendered":"<p>[vc_row][vc_column][vc_empty_space height=\u00a0\u00bb62px\u00a0\u00bb][\/vc_column][\/vc_row][vc_row][vc_column][vc_single_image image=\u00a0\u00bb3028&Prime; img_size=\u00a0\u00bbfull\u00a0\u00bb alignment=\u00a0\u00bbcenter\u00a0\u00bb][\/vc_column][\/vc_row][vc_row][vc_column][vc_empty_space height=\u00a0\u00bb62px\u00a0\u00bb][\/vc_column][\/vc_row][vc_row][vc_column][vc_column_text el_class=\u00a0\u00bbtext-align: justify\u00a0\u00bb] &nbsp; Nous sommes\u00a0Hugo,\u00a0Luis\u00a0et\u00a0Rodrigo. La photographie, les voyages et les sports sont nos passions. Amis depuis plus de 20 ans, nous avons cr\u00e9\u00e9 Hostel on Wheels. Nous aimons les camping-cars, les voyages et le surf en famille et entre amis. Avons-nous mentionn\u00e9 la famille et les amis? Nous&#8230;<\/p>\n","protected":false},"author":1,"featured_media":0,"parent":0,"menu_order":0,"comment_status":"closed","ping_status":"closed","template":"","meta":{"footnotes":""},"class_list":["post-405","page","type-page","status-publish","hentry"],"yoast_head":"<!-- This site is optimized with the Yoast SEO plugin v27.1.1 - https:\/\/yoast.com\/product\/yoast-seo-wordpress\/ -->\n<title>HoW Campers: Louer camping-car au Portugal et Espagne \/ \u00c1 Propos de Nous<\/title>\n<meta name=\"description\" content=\"La photographie, les voyages et les sports sont le carburant qui nous fait avancer. Travailler ensemble et cr\u00e9er HOW Campers, c&#039;est facile. Pourquoi pas?\" \/>\n<meta name=\"robots\" content=\"index, follow, max-snippet:-1, max-image-preview:large, max-video-preview:-1\" \/>\n<link rel=\"canonical\" href=\"https:\/\/www.howcampers.com\/about-us\/\" \/>\n<meta property=\"og:locale\" content=\"fr_FR\" \/>\n<meta property=\"og:type\" content=\"article\" \/>\n<meta property=\"og:title\" content=\"HoW Campers: Louer camping-car au Portugal et Espagne \/ \u00c1 Propos de Nous\" \/>\n<meta property=\"og:description\" content=\"La photographie, les voyages et les sports sont le carburant qui nous fait avancer. Travailler ensemble et cr\u00e9er HOW Campers, c&#039;est facile. Pourquoi pas?\" \/>\n<meta property=\"og:url\" content=\"https:\/\/www.howcampers.com\/about-us\/\" \/>\n<meta property=\"og:site_name\" content=\"Hostel on Wheels\" \/>\n<meta property=\"article:publisher\" content=\"https:\/\/www.facebook.com\/hostelonwheels\/\" \/>\n<meta property=\"article:modified_time\" content=\"2018-06-21T14:12:09+00:00\" \/>\n<meta property=\"og:image\" content=\"https:\/\/www.howcampers.com\/wp-content\/uploads\/2017\/06\/19379174_1551497664873861_7657397759250530304_n.jpg\" \/>\n\t<meta property=\"og:image:width\" content=\"640\" \/>\n\t<meta property=\"og:image:height\" content=\"640\" \/>\n\t<meta property=\"og:image:type\" content=\"image\/jpeg\" \/>\n<meta name=\"twitter:card\" content=\"summary_large_image\" \/>\n<meta name=\"twitter:site\" content=\"@hostelonwheels\" \/>\n<meta name=\"twitter:label1\" content=\"Dur\u00e9e de lecture estim\u00e9e\" \/>\n\t<meta name=\"twitter:data1\" content=\"6 minutes\" \/>\n<script type=\"application\/ld+json\" class=\"yoast-schema-graph\">{\"@context\":\"https:\/\/schema.org\",\"@graph\":[{\"@type\":\"WebPage\",\"@id\":\"https:\/\/www.howcampers.com\/about-us\/\",\"url\":\"https:\/\/www.howcampers.com\/about-us\/\",\"name\":\"[:en]HoW Campers: Rent a Campervan in Portugal and Spain \/ About Us[:pt]HoW Campers: Aluguer de Autocaravanas Portugal \/ Sobre N\u00f3s[:fr]HoW Campers: Louer camping-car au Portugal et Espagne \/ \u00c1 Propos de Nous[:]\",\"isPartOf\":{\"@id\":\"https:\/\/www.howcampers.com\/#website\"},\"datePublished\":\"2017-01-26T10:40:04+00:00\",\"dateModified\":\"2018-06-21T14:12:09+00:00\",\"description\":\"{:en}Photography, Traveling and Sports are the fuel that drives us forward. Working together and creating HOW Campers, easy. Why not?{:pt}Fotografia, viagens e desporto s\u00e3o o comb\u00fastivel que alimenta a nossa vida. Trabalhar juntos e criar a HOW Campers, porque n\u00e3o?{:fr}La photographie, les voyages et les sports sont le carburant qui nous fait avancer. Travailler ensemble et cr\u00e9er HOW Campers, c'est facile. Pourquoi pas?{:}\",\"breadcrumb\":{\"@id\":\"https:\/\/www.howcampers.com\/about-us\/#breadcrumb\"},\"inLanguage\":\"fr-FR\",\"potentialAction\":[{\"@type\":\"ReadAction\",\"target\":[\"https:\/\/www.howcampers.com\/about-us\/\"]}]},{\"@type\":\"BreadcrumbList\",\"@id\":\"https:\/\/www.howcampers.com\/about-us\/#breadcrumb\",\"itemListElement\":[{\"@type\":\"ListItem\",\"position\":1,\"name\":\"Home\",\"item\":\"https:\/\/www.howcampers.com\/\"},{\"@type\":\"ListItem\",\"position\":2,\"name\":\"About Us\"}]},{\"@type\":\"WebSite\",\"@id\":\"https:\/\/www.howcampers.com\/#website\",\"url\":\"https:\/\/www.howcampers.com\/\",\"name\":\"Hostel on Wheels\",\"description\":\"Campervan Portugal and Spain\",\"potentialAction\":[{\"@type\":\"SearchAction\",\"target\":{\"@type\":\"EntryPoint\",\"urlTemplate\":\"https:\/\/www.howcampers.com\/?s={search_term_string}\"},\"query-input\":{\"@type\":\"PropertyValueSpecification\",\"valueRequired\":true,\"valueName\":\"search_term_string\"}}],\"inLanguage\":\"fr-FR\"}]}<\/script>\n<!-- \/ Yoast SEO plugin. -->","yoast_head_json":{"title":"HoW Campers: Louer camping-car au Portugal et Espagne \/ \u00c1 Propos de Nous","description":"La photographie, les voyages et les sports sont le carburant qui nous fait avancer. Travailler ensemble et cr\u00e9er HOW Campers, c'est facile. Pourquoi pas?","robots":{"index":"index","follow":"follow","max-snippet":"max-snippet:-1","max-image-preview":"max-image-preview:large","max-video-preview":"max-video-preview:-1"},"canonical":"https:\/\/www.howcampers.com\/about-us\/","og_locale":"fr_FR","og_type":"article","og_title":"HoW Campers: Louer camping-car au Portugal et Espagne \/ \u00c1 Propos de Nous","og_description":"La photographie, les voyages et les sports sont le carburant qui nous fait avancer. Travailler ensemble et cr\u00e9er HOW Campers, c'est facile. Pourquoi pas?","og_url":"https:\/\/www.howcampers.com\/about-us\/","og_site_name":"Hostel on Wheels","article_publisher":"https:\/\/www.facebook.com\/hostelonwheels\/","article_modified_time":"2018-06-21T14:12:09+00:00","og_image":[{"width":640,"height":640,"url":"https:\/\/www.howcampers.com\/wp-content\/uploads\/2017\/06\/19379174_1551497664873861_7657397759250530304_n.jpg","type":"image\/jpeg"}],"twitter_card":"summary_large_image","twitter_site":"@hostelonwheels","twitter_misc":{"Dur\u00e9e de lecture estim\u00e9e":"6 minutes"},"schema":{"@context":"https:\/\/schema.org","@graph":[{"@type":"WebPage","@id":"https:\/\/www.howcampers.com\/about-us\/","url":"https:\/\/www.howcampers.com\/about-us\/","name":"[:en]HoW Campers: Rent a Campervan in Portugal and Spain \/ About Us[:pt]HoW Campers: Aluguer de Autocaravanas Portugal \/ Sobre N\u00f3s[:fr]HoW Campers: Louer camping-car au Portugal et Espagne \/ \u00c1 Propos de Nous[:]","isPartOf":{"@id":"https:\/\/www.howcampers.com\/#website"},"datePublished":"2017-01-26T10:40:04+00:00","dateModified":"2018-06-21T14:12:09+00:00","description":"{:en}Photography, Traveling and Sports are the fuel that drives us forward. Working together and creating HOW Campers, easy. Why not?{:pt}Fotografia, viagens e desporto s\u00e3o o comb\u00fastivel que alimenta a nossa vida. Trabalhar juntos e criar a HOW Campers, porque n\u00e3o?{:fr}La photographie, les voyages et les sports sont le carburant qui nous fait avancer. Travailler ensemble et cr\u00e9er HOW Campers, c'est facile. Pourquoi pas?{:}","breadcrumb":{"@id":"https:\/\/www.howcampers.com\/about-us\/#breadcrumb"},"inLanguage":"fr-FR","potentialAction":[{"@type":"ReadAction","target":["https:\/\/www.howcampers.com\/about-us\/"]}]},{"@type":"BreadcrumbList","@id":"https:\/\/www.howcampers.com\/about-us\/#breadcrumb","itemListElement":[{"@type":"ListItem","position":1,"name":"Home","item":"https:\/\/www.howcampers.com\/"},{"@type":"ListItem","position":2,"name":"About Us"}]},{"@type":"WebSite","@id":"https:\/\/www.howcampers.com\/#website","url":"https:\/\/www.howcampers.com\/","name":"Hostel on Wheels","description":"Campervan Portugal and Spain","potentialAction":[{"@type":"SearchAction","target":{"@type":"EntryPoint","urlTemplate":"https:\/\/www.howcampers.com\/?s={search_term_string}"},"query-input":{"@type":"PropertyValueSpecification","valueRequired":true,"valueName":"search_term_string"}}],"inLanguage":"fr-FR"}]}},"_links":{"self":[{"href":"https:\/\/www.howcampers.com\/fr\/wp-json\/wp\/v2\/pages\/405","targetHints":{"allow":["GET"]}}],"collection":[{"href":"https:\/\/www.howcampers.com\/fr\/wp-json\/wp\/v2\/pages"}],"about":[{"href":"https:\/\/www.howcampers.com\/fr\/wp-json\/wp\/v2\/types\/page"}],"author":[{"embeddable":true,"href":"https:\/\/www.howcampers.com\/fr\/wp-json\/wp\/v2\/users\/1"}],"replies":[{"embeddable":true,"href":"https:\/\/www.howcampers.com\/fr\/wp-json\/wp\/v2\/comments?post=405"}],"version-history":[{"count":0,"href":"https:\/\/www.howcampers.com\/fr\/wp-json\/wp\/v2\/pages\/405\/revisions"}],"wp:attachment":[{"href":"https:\/\/www.howcampers.com\/fr\/wp-json\/wp\/v2\/media?parent=405"}],"curies":[{"name":"wp","href":"https:\/\/api.w.org\/{rel}","templated":true}]}}